{"id":549,"date":"2021-11-05T12:33:45","date_gmt":"2021-11-05T12:33:45","guid":{"rendered":"https:\/\/demosites.royal-elementor-addons.com\/skincare-v1\/?page_id=549"},"modified":"2022-09-21T19:00:55","modified_gmt":"2022-09-21T19:00:55","slug":"about-us","status":"publish","type":"page","link":"https:\/\/panameniantropicalexport.com\/?page_id=549","title":{"rendered":"About Us"},"content":{"rendered":"\t\t<div data-elementor-type=\"wp-page\" data-elementor-id=\"549\" class=\"elementor elementor-549\">\n\t\t\t\t\t\t\t\t\t<section class=\"elementor-section elementor-top-section elementor-element elementor-element-1e7a7e8 elementor-section-height-min-height elementor-section-boxed elementor-section-height-default elementor-section-items-middle wpr-particle-no wpr-jarallax-no wpr-parallax-no wpr-sticky-section-no\" data-id=\"1e7a7e8\" data-element_type=\"section\" data-settings=\"{&quot;background_background&quot;:&quot;classic&quot;}\">\n\t\t\t\t\t\t\t<div class=\"elementor-background-overlay\"><\/div>\n\t\t\t\t\t\t\t<div class=\"elementor-container elementor-column-gap-default\">\n\t\t\t\t\t<div class=\"elementor-column elementor-col-100 elementor-top-column elementor-element elementor-element-0955c79\" data-id=\"0955c79\" data-element_type=\"column\" data-settings=\"{&quot;background_background&quot;:&quot;classic&quot;}\">\n\t\t\t<div class=\"elementor-widget-wrap elementor-element-populated\">\n\t\t\t\t\t\t\t\t<div class=\"elementor-element elementor-element-07d8be2 elementor-invisible elementor-widget elementor-widget-heading\" data-id=\"07d8be2\" data-element_type=\"widget\" data-settings=\"{&quot;_animation&quot;:&quot;fadeIn&quot;}\" data-widget_type=\"heading.default\">\n\t\t\t\t<div class=\"elementor-widget-container\">\n\t\t\t<style>\/*! elementor - v3.7.8 - 02-10-2022 *\/\n.elementor-heading-title{padding:0;margin:0;line-height:1}.elementor-widget-heading .elementor-heading-title[class*=elementor-size-]>a{color:inherit;font-size:inherit;line-height:inherit}.elementor-widget-heading .elementor-heading-title.elementor-size-small{font-size:15px}.elementor-widget-heading .elementor-heading-title.elementor-size-medium{font-size:19px}.elementor-widget-heading .elementor-heading-title.elementor-size-large{font-size:29px}.elementor-widget-heading .elementor-heading-title.elementor-size-xl{font-size:39px}.elementor-widget-heading .elementor-heading-title.elementor-size-xxl{font-size:59px}<\/style><h2 class=\"elementor-heading-title elementor-size-default\">Panamenian Tropical Export<\/h2>\t\t<\/div>\n\t\t\t\t<\/div>\n\t\t\t\t\t<\/div>\n\t\t<\/div>\n\t\t\t\t\t\t\t<\/div>\n\t\t<\/section>\n\t\t\t\t<section class=\"elementor-section elementor-top-section elementor-element elementor-element-c039c86 elementor-section-boxed elementor-section-height-default elementor-section-height-default wpr-particle-no wpr-jarallax-no wpr-parallax-no wpr-sticky-section-no\" data-id=\"c039c86\" data-element_type=\"section\">\n\t\t\t\t\t\t<div class=\"elementor-container elementor-column-gap-default\">\n\t\t\t\t\t<div class=\"elementor-column elementor-col-100 elementor-top-column elementor-element elementor-element-b1dde57\" data-id=\"b1dde57\" data-element_type=\"column\">\n\t\t\t<div class=\"elementor-widget-wrap elementor-element-populated\">\n\t\t\t\t\t\t\t\t<div class=\"elementor-element elementor-element-d468c4b elementor-widget elementor-widget-wpr-elementor-template\" data-id=\"d468c4b\" data-element_type=\"widget\" data-widget_type=\"wpr-elementor-template.default\">\n\t\t\t\t<div class=\"elementor-widget-container\">\n\t\t\t<style>.elementor-2365 .elementor-element.elementor-element-3a3bb378{margin-top:70px;margin-bottom:0px;}.elementor-2365 .elementor-element.elementor-element-682c418a{width:49.649%;}.elementor-2365 .elementor-element.elementor-element-2b219d6c{width:50.264%;}.elementor-bc-flex-widget .elementor-2365 .elementor-element.elementor-element-2b219d6c.elementor-column .elementor-widget-wrap{align-items:center;}.elementor-2365 .elementor-element.elementor-element-2b219d6c.elementor-column.elementor-element[data-element_type=\"column\"] > .elementor-widget-wrap.elementor-element-populated{align-content:center;align-items:center;}.elementor-2365 .elementor-element.elementor-element-4b2686ce .elementor-heading-title{color:#444444;font-family:\"Great Vibes\", Sans-serif;font-size:33px;font-weight:300;}.elementor-2365 .elementor-element.elementor-element-22489905 .elementor-heading-title{color:#222222;font-family:\"Playfair Display\", Sans-serif;font-size:35px;font-weight:600;}.elementor-2365 .elementor-element.elementor-element-1c53a729{font-family:\"Lato\", Sans-serif;font-size:20px;font-weight:400;letter-spacing:0.2px;}@media(max-width:1024px){.elementor-2365 .elementor-element.elementor-element-1c53a729{font-size:13px;}}<\/style>\t\t<div data-elementor-type=\"section\" data-elementor-id=\"2365\" class=\"elementor elementor-2365\">\n\t\t\t\t\t\t\t\t\t<section class=\"elementor-section elementor-top-section elementor-element elementor-element-3a3bb378 elementor-section-boxed elementor-section-height-default elementor-section-height-default wpr-particle-no wpr-jarallax-no wpr-parallax-no wpr-sticky-section-no\" data-id=\"3a3bb378\" data-element_type=\"section\">\n\t\t\t\t\t\t<div class=\"elementor-container elementor-column-gap-default\">\n\t\t\t\t\t<div class=\"elementor-column elementor-col-50 elementor-top-column elementor-element elementor-element-682c418a\" data-id=\"682c418a\" data-element_type=\"column\">\n\t\t\t<div class=\"elementor-widget-wrap elementor-element-populated\">\n\t\t\t\t\t\t\t\t<div class=\"elementor-element elementor-element-673d423c elementor-aspect-ratio-169 elementor-widget elementor-widget-video\" data-id=\"673d423c\" data-element_type=\"widget\" data-settings=\"{&quot;video_type&quot;:&quot;hosted&quot;,&quot;loop&quot;:&quot;yes&quot;,&quot;autoplay&quot;:&quot;yes&quot;,&quot;mute&quot;:&quot;yes&quot;,&quot;aspect_ratio&quot;:&quot;169&quot;}\" data-widget_type=\"video.default\">\n\t\t\t\t<div class=\"elementor-widget-container\">\n\t\t\t<style>\/*! elementor - v3.7.8 - 02-10-2022 *\/\n.elementor-widget-video .elementor-widget-container{overflow:hidden;-webkit-transform:translateZ(0);transform:translateZ(0)}.elementor-widget-video .elementor-open-inline .elementor-custom-embed-image-overlay{position:absolute;top:0;left:0;width:100%;height:100%;background-size:cover;background-position:50%}.elementor-widget-video .elementor-custom-embed-image-overlay{cursor:pointer;text-align:center}.elementor-widget-video .elementor-custom-embed-image-overlay:hover .elementor-custom-embed-play i{opacity:1}.elementor-widget-video .elementor-custom-embed-image-overlay img{display:block;width:100%}.elementor-widget-video .e-hosted-video .elementor-video{-o-object-fit:cover;object-fit:cover}.e-container>.elementor-widget-video{width:var(--container-widget-width,100%)}<\/style>\t\t<div class=\"e-hosted-video elementor-wrapper elementor-fit-aspect-ratio elementor-open-inline\">\n\t\t\t\t\t<video class=\"elementor-video\" src=\"http:\/\/panameniantropicalexport.com\/wp-content\/uploads\/2022\/09\/PTE4-1.mp4\" autoplay=\"\" loop=\"\" muted=\"muted\" controlsList=\"nodownload\"><\/video>\n\t\t\t\t<\/div>\n\t\t\t\t<\/div>\n\t\t\t\t<\/div>\n\t\t\t\t\t<\/div>\n\t\t<\/div>\n\t\t\t\t<div class=\"elementor-column elementor-col-50 elementor-top-column elementor-element elementor-element-2b219d6c\" data-id=\"2b219d6c\" data-element_type=\"column\">\n\t\t\t<div class=\"elementor-widget-wrap elementor-element-populated\">\n\t\t\t\t\t\t\t\t<div class=\"elementor-element elementor-element-4b2686ce elementor-invisible elementor-widget elementor-widget-heading\" data-id=\"4b2686ce\" data-element_type=\"widget\" data-settings=\"{&quot;_animation&quot;:&quot;slideInRight&quot;}\" data-widget_type=\"heading.default\">\n\t\t\t\t<div class=\"elementor-widget-container\">\n\t\t\t<h2 class=\"elementor-heading-title elementor-size-default\">Somos<\/h2>\t\t<\/div>\n\t\t\t\t<\/div>\n\t\t\t\t<div class=\"elementor-element elementor-element-22489905 elementor-invisible elementor-widget elementor-widget-heading\" data-id=\"22489905\" data-element_type=\"widget\" data-settings=\"{&quot;_animation&quot;:&quot;slideInRight&quot;,&quot;_animation_delay&quot;:100}\" data-widget_type=\"heading.default\">\n\t\t\t\t<div class=\"elementor-widget-container\">\n\t\t\t<h2 class=\"elementor-heading-title elementor-size-default\">Panamenian Tropical Export<\/h2>\t\t<\/div>\n\t\t\t\t<\/div>\n\t\t\t\t<div class=\"elementor-element elementor-element-1c53a729 elementor-invisible elementor-widget elementor-widget-text-editor\" data-id=\"1c53a729\" data-element_type=\"widget\" data-settings=\"{&quot;_animation&quot;:&quot;slideInRight&quot;,&quot;_animation_delay&quot;:200}\" data-widget_type=\"text-editor.default\">\n\t\t\t\t<div class=\"elementor-widget-container\">\n\t\t\t<style>\/*! elementor - v3.7.8 - 02-10-2022 *\/\n.elementor-widget-text-editor.elementor-drop-cap-view-stacked .elementor-drop-cap{background-color:#818a91;color:#fff}.elementor-widget-text-editor.elementor-drop-cap-view-framed .elementor-drop-cap{color:#818a91;border:3px solid;background-color:transparent}.elementor-widget-text-editor:not(.elementor-drop-cap-view-default) .elementor-drop-cap{margin-top:8px}.elementor-widget-text-editor:not(.elementor-drop-cap-view-default) .elementor-drop-cap-letter{width:1em;height:1em}.elementor-widget-text-editor .elementor-drop-cap{float:left;text-align:center;line-height:1;font-size:50px}.elementor-widget-text-editor .elementor-drop-cap-letter{display:inline-block}<\/style>\t\t\t\t<p>una empresa exportadora de frutas tropicales y ex\u00f3ticas con origen en Panam\u00e1.<\/p><p>Poseedora de una gran riqueza su suelo y microclima y sobre todo de un campesino que conoce y mima la tierra, podemos ofrecer una gran variedad de frutas con una calidad suprema y un precio muy competitivo.<\/p>\t\t\t\t\t\t<\/div>\n\t\t\t\t<\/div>\n\t\t\t\t\t<\/div>\n\t\t<\/div>\n\t\t\t\t\t\t\t<\/div>\n\t\t<\/section>\n\t\t\t\t\t\t\t<\/div>\n\t\t<span class=\"wpr-template-edit-btn\" data-permalink=\"https:\/\/panameniantropicalexport.com\/?elementor_library=nosotros\">Edit Template<\/span>\t\t<\/div>\n\t\t\t\t<\/div>\n\t\t\t\t\t<\/div>\n\t\t<\/div>\n\t\t\t\t\t\t\t<\/div>\n\t\t<\/section>\n\t\t\t\t<section class=\"elementor-section elementor-top-section elementor-element elementor-element-05681f4 elementor-section-boxed elementor-section-height-default elementor-section-height-default wpr-particle-no wpr-jarallax-no wpr-parallax-no wpr-sticky-section-no\" data-id=\"05681f4\" data-element_type=\"section\">\n\t\t\t\t\t\t<div class=\"elementor-container elementor-column-gap-default\">\n\t\t\t\t\t<div class=\"elementor-column elementor-col-100 elementor-top-column elementor-element elementor-element-d4ddfb2\" data-id=\"d4ddfb2\" data-element_type=\"column\">\n\t\t\t<div class=\"elementor-widget-wrap elementor-element-populated\">\n\t\t\t\t\t\t\t\t<div class=\"elementor-element elementor-element-0570140 elementor-widget elementor-widget-wpr-elementor-template\" data-id=\"0570140\" data-element_type=\"widget\" data-widget_type=\"wpr-elementor-template.default\">\n\t\t\t\t<div class=\"elementor-widget-container\">\n\t\t\t<style>.elementor-2374 .elementor-element.elementor-element-563c49cd:not(.elementor-motion-effects-element-type-background), .elementor-2374 .elementor-element.elementor-element-563c49cd > .elementor-motion-effects-container > .elementor-motion-effects-layer{background-color:#FFFFFF;}.elementor-2374 .elementor-element.elementor-element-563c49cd > .elementor-background-overlay{opacity:0.5;transition:background 0.3s, border-radius 0.3s, opacity 0.3s;}.elementor-2374 .elementor-element.elementor-element-563c49cd{transition:background 0.3s, border 0.3s, border-radius 0.3s, box-shadow 0.3s;margin-top:40px;margin-bottom:40px;}.elementor-2374 .elementor-element.elementor-element-16752ff8{text-align:center;}.elementor-2374 .elementor-element.elementor-element-16752ff8 .elementor-heading-title{color:#222222;font-family:\"Playfair Display\", Sans-serif;font-size:35px;font-weight:600;}.elementor-2374 .elementor-element.elementor-element-25142734.elementor-position-right .elementor-image-box-img{margin-left:15px;}.elementor-2374 .elementor-element.elementor-element-25142734.elementor-position-left .elementor-image-box-img{margin-right:15px;}.elementor-2374 .elementor-element.elementor-element-25142734.elementor-position-top .elementor-image-box-img{margin-bottom:15px;}.elementor-2374 .elementor-element.elementor-element-25142734 .elementor-image-box-wrapper .elementor-image-box-img{width:91%;}.elementor-2374 .elementor-element.elementor-element-25142734 .elementor-image-box-img img{transition-duration:0.3s;}.elementor-2374 .elementor-element.elementor-element-25142734 .elementor-image-box-title{color:#6FAA79;}.elementor-2374 .elementor-element.elementor-element-6a6dd5bb.elementor-position-right .elementor-image-box-img{margin-left:15px;}.elementor-2374 .elementor-element.elementor-element-6a6dd5bb.elementor-position-left .elementor-image-box-img{margin-right:15px;}.elementor-2374 .elementor-element.elementor-element-6a6dd5bb.elementor-position-top .elementor-image-box-img{margin-bottom:15px;}.elementor-2374 .elementor-element.elementor-element-6a6dd5bb .elementor-image-box-wrapper .elementor-image-box-img{width:91%;}.elementor-2374 .elementor-element.elementor-element-6a6dd5bb .elementor-image-box-img img{transition-duration:0.3s;}.elementor-2374 .elementor-element.elementor-element-6a6dd5bb .elementor-image-box-title{color:#6FAA79;}.elementor-2374 .elementor-element.elementor-element-47370c72.elementor-position-right .elementor-image-box-img{margin-left:15px;}.elementor-2374 .elementor-element.elementor-element-47370c72.elementor-position-left .elementor-image-box-img{margin-right:15px;}.elementor-2374 .elementor-element.elementor-element-47370c72.elementor-position-top .elementor-image-box-img{margin-bottom:15px;}.elementor-2374 .elementor-element.elementor-element-47370c72 .elementor-image-box-wrapper .elementor-image-box-img{width:95%;}.elementor-2374 .elementor-element.elementor-element-47370c72 .elementor-image-box-img img{transition-duration:0.3s;}.elementor-2374 .elementor-element.elementor-element-47370c72 .elementor-image-box-title{color:#6FAA79;}@media(max-width:767px){.elementor-2374 .elementor-element.elementor-element-25142734 .elementor-image-box-img{margin-bottom:15px;}.elementor-2374 .elementor-element.elementor-element-6a6dd5bb .elementor-image-box-img{margin-bottom:15px;}.elementor-2374 .elementor-element.elementor-element-47370c72 .elementor-image-box-img{margin-bottom:15px;}}<\/style>\t\t<div data-elementor-type=\"section\" data-elementor-id=\"2374\" class=\"elementor elementor-2374\">\n\t\t\t\t\t\t\t\t\t<section class=\"elementor-section elementor-top-section elementor-element elementor-element-563c49cd elementor-section-boxed elementor-section-height-default elementor-section-height-default wpr-particle-no wpr-jarallax-no wpr-parallax-no\" data-id=\"563c49cd\" data-element_type=\"section\" data-settings=\"{&quot;background_background&quot;:&quot;classic&quot;}\">\n\t\t\t\t\t\t\t<div class=\"elementor-background-overlay\"><\/div>\n\t\t\t\t\t\t\t<div class=\"elementor-container elementor-column-gap-default\">\n\t\t\t\t\t<div class=\"elementor-column elementor-col-100 elementor-top-column elementor-element elementor-element-21b372e4\" data-id=\"21b372e4\" data-element_type=\"column\">\n\t\t\t<div class=\"elementor-widget-wrap elementor-element-populated\">\n\t\t\t\t\t\t\t\t<div class=\"elementor-element elementor-element-16752ff8 elementor-widget elementor-widget-heading\" data-id=\"16752ff8\" data-element_type=\"widget\" data-widget_type=\"heading.default\">\n\t\t\t\t<div class=\"elementor-widget-container\">\n\t\t\t<h2 class=\"elementor-heading-title elementor-size-default\">Cuenta con nosotros para tus env\u00edos de fruta<\/h2>\t\t<\/div>\n\t\t\t\t<\/div>\n\t\t\t\t<section class=\"elementor-section elementor-inner-section elementor-element elementor-element-7e0c263c elementor-section-boxed elementor-section-height-default elementor-section-height-default wpr-particle-no wpr-jarallax-no wpr-parallax-no wpr-sticky-section-no\" data-id=\"7e0c263c\" data-element_type=\"section\">\n\t\t\t\t\t\t<div class=\"elementor-container elementor-column-gap-default\">\n\t\t\t\t\t<div class=\"elementor-column elementor-col-33 elementor-inner-column elementor-element elementor-element-55b4d79f\" data-id=\"55b4d79f\" data-element_type=\"column\">\n\t\t\t<div class=\"elementor-widget-wrap elementor-element-populated\">\n\t\t\t\t\t\t\t\t<div class=\"elementor-element elementor-element-25142734 elementor-position-top elementor-vertical-align-top elementor-widget elementor-widget-image-box\" data-id=\"25142734\" data-element_type=\"widget\" data-widget_type=\"image-box.default\">\n\t\t\t\t<div class=\"elementor-widget-container\">\n\t\t\t<style>\/*! elementor - v3.7.8 - 02-10-2022 *\/\n.elementor-widget-image-box .elementor-image-box-content{width:100%}@media (min-width:768px){.elementor-widget-image-box.elementor-position-left .elementor-image-box-wrapper,.elementor-widget-image-box.elementor-position-right .elementor-image-box-wrapper{display:-webkit-box;display:-ms-flexbox;display:flex}.elementor-widget-image-box.elementor-position-right .elementor-image-box-wrapper{text-align:right;-webkit-box-orient:horizontal;-webkit-box-direction:reverse;-ms-flex-direction:row-reverse;flex-direction:row-reverse}.elementor-widget-image-box.elementor-position-left .elementor-image-box-wrapper{text-align:left;-webkit-box-orient:horizontal;-webkit-box-direction:normal;-ms-flex-direction:row;flex-direction:row}.elementor-widget-image-box.elementor-position-top .elementor-image-box-img{margin:auto}.elementor-widget-image-box.elementor-vertical-align-top .elementor-image-box-wrapper{-webkit-box-align:start;-ms-flex-align:start;align-items:flex-start}.elementor-widget-image-box.elementor-vertical-align-middle .elementor-image-box-wrapper{-webkit-box-align:center;-ms-flex-align:center;align-items:center}.elementor-widget-image-box.elementor-vertical-align-bottom .elementor-image-box-wrapper{-webkit-box-align:end;-ms-flex-align:end;align-items:flex-end}}@media (max-width:767px){.elementor-widget-image-box .elementor-image-box-img{margin-left:auto!important;margin-right:auto!important;margin-bottom:15px}}.elementor-widget-image-box .elementor-image-box-img{display:inline-block}.elementor-widget-image-box .elementor-image-box-title a{color:inherit}.elementor-widget-image-box .elementor-image-box-wrapper{text-align:center}.elementor-widget-image-box .elementor-image-box-description{margin:0}<\/style><div class=\"elementor-image-box-wrapper\"><figure class=\"elementor-image-box-img\"><img width=\"800\" height=\"600\" src=\"https:\/\/panameniantropicalexport.com\/wp-content\/uploads\/2022\/09\/camionrefrigerado-e1663783021171.jpeg\" class=\"attachment-full size-full\" alt=\"\" loading=\"lazy\" \/><\/figure><div class=\"elementor-image-box-content\"><h3 class=\"elementor-image-box-title\">Control de la temperatura y deshumidificaci\u00f3n en nuestros camiones.<\/h3><p class=\"elementor-image-box-description\">Utilizamos el proceso de Tratamiento en Fr\u00edo como una forma libre de qu\u00edmicos para desinfectar su fruta y protegerla de las plagas.<\/p><\/div><\/div>\t\t<\/div>\n\t\t\t\t<\/div>\n\t\t\t\t\t<\/div>\n\t\t<\/div>\n\t\t\t\t<div class=\"elementor-column elementor-col-33 elementor-inner-column elementor-element elementor-element-69d42865\" data-id=\"69d42865\" data-element_type=\"column\">\n\t\t\t<div class=\"elementor-widget-wrap elementor-element-populated\">\n\t\t\t\t\t\t\t\t<div class=\"elementor-element elementor-element-6a6dd5bb elementor-position-top elementor-vertical-align-top elementor-widget elementor-widget-image-box\" data-id=\"6a6dd5bb\" data-element_type=\"widget\" data-widget_type=\"image-box.default\">\n\t\t\t\t<div class=\"elementor-widget-container\">\n\t\t\t<div class=\"elementor-image-box-wrapper\"><figure class=\"elementor-image-box-img\"><img width=\"321\" height=\"241\" src=\"https:\/\/panameniantropicalexport.com\/wp-content\/uploads\/2022\/09\/logistica.jpeg\" class=\"attachment-full size-full\" alt=\"\" loading=\"lazy\" \/><\/figure><div class=\"elementor-image-box-content\"><h3 class=\"elementor-image-box-title\">Compromiso con nuestros clientes y aliados comerciales.<\/h3><p class=\"elementor-image-box-description\">Nuestros consumidores est\u00e1n muy felices y estamos asoci\u00e1ndonos con los mejores productores de Centro y Sudam\u00e9rica, con el fin de asegurarnos de mantener una relaci\u00f3n cercana con nuestro consumidores<\/p><\/div><\/div>\t\t<\/div>\n\t\t\t\t<\/div>\n\t\t\t\t\t<\/div>\n\t\t<\/div>\n\t\t\t\t<div class=\"elementor-column elementor-col-33 elementor-inner-column elementor-element elementor-element-665aa12b\" data-id=\"665aa12b\" data-element_type=\"column\">\n\t\t\t<div class=\"elementor-widget-wrap elementor-element-populated\">\n\t\t\t\t\t\t\t\t<div class=\"elementor-element elementor-element-47370c72 elementor-position-top elementor-vertical-align-top elementor-widget elementor-widget-image-box\" data-id=\"47370c72\" data-element_type=\"widget\" data-widget_type=\"image-box.default\">\n\t\t\t\t<div class=\"elementor-widget-container\">\n\t\t\t<div class=\"elementor-image-box-wrapper\"><figure class=\"elementor-image-box-img\"><img src=\"https:\/\/panameniantropicalexport.com\/wp-content\/uploads\/2022\/09\/negoc-e1663783566854.jpeg\" title=\"negoc\" alt=\"negoc\" \/><\/figure><div class=\"elementor-image-box-content\"><h3 class=\"elementor-image-box-title\">Flexibilidad y Adaptaci\u00f3n a sus necesidades.<\/h3><p class=\"elementor-image-box-description\">Entendemos que sus vol\u00famenes de producci\u00f3n y sus necesidades log\u00edsticas pueden fluctuar en funci\u00f3n de la temporada, las condiciones meteorol\u00f3gicas y otros factores<\/p><\/div><\/div>\t\t<\/div>\n\t\t\t\t<\/div>\n\t\t\t\t\t<\/div>\n\t\t<\/div>\n\t\t\t\t\t\t\t<\/div>\n\t\t<\/section>\n\t\t\t\t\t<\/div>\n\t\t<\/div>\n\t\t\t\t\t\t\t<\/div>\n\t\t<\/section>\n\t\t\t\t\t\t\t<\/div>\n\t\t<span class=\"wpr-template-edit-btn\" data-permalink=\"https:\/\/panameniantropicalexport.com\/?elementor_library=templa3\">Edit Template<\/span>\t\t<\/div>\n\t\t\t\t<\/div>\n\t\t\t\t\t<\/div>\n\t\t<\/div>\n\t\t\t\t\t\t\t<\/div>\n\t\t<\/section>\n\t\t\t\t\t\t\t<\/div>\n\t\t","protected":false},"excerpt":{"rendered":"<p>Panamenian Tropical Export Somos Panamenian Tropical Export una empresa exportadora de frutas tropicales y ex\u00f3ticas con origen en Panam\u00e1. Poseedora de una gran riqueza su suelo y microclima y sobre todo de un campesino que conoce y mima la tierra, podemos ofrecer una gran variedad de frutas con una calidad suprema y un precio muy [&hellip;]<\/p>\n","protected":false},"author":1,"featured_media":0,"parent":0,"menu_order":0,"comment_status":"closed","ping_status":"closed","template":"elementor_canvas","meta":{"om_disable_all_campaigns":false,"_monsterinsights_skip_tracking":false,"_monsterinsights_sitenote_active":false,"_monsterinsights_sitenote_note":"","_monsterinsights_sitenote_category":0},"aioseo_notices":[],"_links":{"self":[{"href":"https:\/\/panameniantropicalexport.com\/index.php?rest_route=\/wp\/v2\/pages\/549"}],"collection":[{"href":"https:\/\/panameniantropicalexport.com\/index.php?rest_route=\/wp\/v2\/pages"}],"about":[{"href":"https:\/\/panameniantropicalexport.com\/index.php?rest_route=\/wp\/v2\/types\/page"}],"author":[{"embeddable":true,"href":"https:\/\/panameniantropicalexport.com\/index.php?rest_route=\/wp\/v2\/users\/1"}],"replies":[{"embeddable":true,"href":"https:\/\/panameniantropicalexport.com\/index.php?rest_route=%2Fwp%2Fv2%2Fcomments&post=549"}],"version-history":[{"count":21,"href":"https:\/\/panameniantropicalexport.com\/index.php?rest_route=\/wp\/v2\/pages\/549\/revisions"}],"predecessor-version":[{"id":2416,"href":"https:\/\/panameniantropicalexport.com\/index.php?rest_route=\/wp\/v2\/pages\/549\/revisions\/2416"}],"wp:attachment":[{"href":"https:\/\/panameniantropicalexport.com\/index.php?rest_route=%2Fwp%2Fv2%2Fmedia&parent=549"}],"curies":[{"name":"wp","href":"https:\/\/api.w.org\/{rel}","templated":true}]}}